{"id":720,"date":"2010-11-22T14:50:40","date_gmt":"2010-11-22T13:50:40","guid":{"rendered":"http:\/\/hahnenbalz.de\/?page_id=720"},"modified":"2023-02-07T20:38:37","modified_gmt":"2023-02-07T19:38:37","slug":"projekte","status":"publish","type":"page","link":"https:\/\/hahnenbalz.de\/","title":{"rendered":"Projekte &#8230;"},"content":{"rendered":"\n<p>Es ist schon einige Jahre her, da war die Idee, eine Internetseite zu gestalten. Mittlerweile sind aus der Idee eigene und ehrenamtliche Projekte geworden.<\/p>\n\n\n\n<p>Entstanden ist alles auf dem L\u00e4mmchesberg in Kaiserslautern, im Hahnenbalz. Seitdem ist der Hahn Logo und Markenzeichen. Das Homepagebasteln wurde zur Leidenschaft und ist Hobby.<\/p>\n\n\n\n<p>Auf <a href=\"https:\/\/hahnenbalz.de\">hahnenbalz.de<\/a> ver\u00f6ffentliche ich heute Neuigkeiten und Berichte rund um die Themen Naturschutz, (Green)IT, Ubuntu, Star Trek &#8230; und alles, was ich sonst noch interessant finde.<\/p>\n\n\n\n<h5 class=\"wp-block-heading\">Aktuelle Websites:<\/h5>\n\n\n\n<ul class=\"wp-block-list\">\n<li><a href=\"https:\/\/erzhuettenimker.de\" target=\"_blank\" rel=\"noopener noreferrer\">erzhuettenimker.de<\/a><br \/>Imkergemeinschaft in Kaiserslautern-Erzh\u00fctten<\/li>\n\n\n\n<li><a href=\"http:\/\/ruandakaffee.de\" target=\"_blank\" rel=\"noopener noreferrer\">ruandakaffee.de<\/a><br \/>Partnerschaftsverein St. Martin Kaiserslautern e.V.<\/li>\n\n\n\n<li><a rel=\"noopener noreferrer\" href=\"http:\/\/polizeiseelsorge-pfalz.de\" target=\"_blank\">polizeiseelsorge-pfalz.de<\/a><br \/>Gemeinsame Polizeiseelsorge im Bistum Speyer und in der Evangelischen Kirche der Pfalz (protestantische Landeskirche)<\/li>\n<\/ul>\n\n\n\n<h5 class=\"wp-block-heading\">Nicht mehr unterst\u00fctze Websites:<\/h5>\n\n\n\n<ul class=\"wp-block-list\">\n<li><a href=\"https:\/\/hahnenbalz.de\/?page_id=2286\">seelenbohrerland.de<\/a><br \/>Bundesweites Verzeichnis der Katholischen Jungen Gemeinde (KjG)<\/li>\n\n\n\n<li><a href=\"https:\/\/hahnenbalz.de\/?page_id=1952\" rel=\"noopener\">sankt-martin-kaiserslautern.de<\/a><br \/>Katholische Kirchengemeinde St. Martin, Kaiserslautern<\/li>\n\n\n\n<li><a href=\"https:\/\/hahnenbalz.de\/?page_id=1981\" rel=\"noopener\">kita.sankt-martin-kaiserslautern.de<\/a><br \/>Katholische Kindertagesst\u00e4tte St. Martin, Kaiserslautern<\/li>\n\n\n\n<li><a href=\"https:\/\/hahnenbalz.de\/?page_id=2148\" rel=\"noopener\">ruanda.sankt-martin-kaiserslautern.de<\/a><br \/>Partnerschaftsverein St. Martin Kaiserslautern e. V.<\/li>\n\n\n\n<li><a href=\"https:\/\/hahnenbalz.de\/?page_id=1945\" rel=\"noopener\">Solilauf-KL.de<\/a><br \/>Solidarit\u00e4tslauf in Kaiserslautern anl\u00e4sslich der Misereor Fastenaktion &#8222;Menschenw\u00fcrdig Leben &#8211; Kindern eine Zukunft&#8220; gemeinsam mit dem Bund Deutscher Katholischer Jugend (BDKJ)<\/li>\n<\/ul>\n\n\n\n<p>Alle Websites sind bei <a href=\"http:\/\/all-inkl.com\/?partner=270880\" target=\"_blank\" rel=\"noopener noreferrer\">all-inkl.com mit 100% \u00d6kostrom \u2192<\/a> gehostet.<\/p>\n","protected":false},"excerpt":{"rendered":"<p>Es ist schon einige Jahre her, da war die Idee, eine Internetseite zu gestalten. Mittlerweile sind aus der Idee eigene und ehrenamtliche Projekte geworden. Entstanden ist alles auf dem L\u00e4mmchesberg in Kaiserslautern, im Hahnenbalz. Seitdem ist der Hahn Logo und Markenzeichen. Das Homepagebasteln wurde zur Leidenschaft und ist Hobby. Auf hahnenbalz.de ver\u00f6ffentliche ich heute Neuigkeiten &hellip; <\/p>\n<p class=\"link-more\"><a href=\"https:\/\/hahnenbalz.de\/\" class=\"more-link\"><span class=\"screen-reader-text\">\u201eProjekte &#8230;\u201c <\/span>weiterlesen<\/a><\/p>\n","protected":false},"author":1,"featured_media":0,"parent":0,"menu_order":0,"comment_status":"closed","ping_status":"closed","template":"","meta":{"footnotes":""},"class_list":["post-720","page","type-page","status-publish","hentry"],"_links":{"self":[{"href":"https:\/\/hahnenbalz.de\/index.php?rest_route=\/wp\/v2\/pages\/720","targetHints":{"allow":["GET"]}}],"collection":[{"href":"https:\/\/hahnenbalz.de\/index.php?rest_route=\/wp\/v2\/pages"}],"about":[{"href":"https:\/\/hahnenbalz.de\/index.php?rest_route=\/wp\/v2\/types\/page"}],"author":[{"embeddable":true,"href":"https:\/\/hahnenbalz.de\/index.php?rest_route=\/wp\/v2\/users\/1"}],"replies":[{"embeddable":true,"href":"https:\/\/hahnenbalz.de\/index.php?rest_route=%2Fwp%2Fv2%2Fcomments&post=720"}],"version-history":[{"count":69,"href":"https:\/\/hahnenbalz.de\/index.php?rest_route=\/wp\/v2\/pages\/720\/revisions"}],"predecessor-version":[{"id":2616,"href":"https:\/\/hahnenbalz.de\/index.php?rest_route=\/wp\/v2\/pages\/720\/revisions\/2616"}],"wp:attachment":[{"href":"https:\/\/hahnenbalz.de\/index.php?rest_route=%2Fwp%2Fv2%2Fmedia&parent=720"}],"curies":[{"name":"wp","href":"https:\/\/api.w.org\/{rel}","templated":true}]}}